{"id":23,"date":"2017-07-04T10:13:10","date_gmt":"2017-07-04T08:13:10","guid":{"rendered":"http:\/\/www.autoescolasantfeliu.com\/?page_id=23"},"modified":"2024-07-24T22:34:14","modified_gmt":"2024-07-24T20:34:14","slug":"blog","status":"publish","type":"page","link":"https:\/\/www.autoescolasantfeliu.com\/es\/blog\/","title":{"rendered":"Blog"},"content":{"rendered":"\t\t<div data-elementor-type=\"wp-page\" data-elementor-id=\"23\" class=\"elementor elementor-23\" data-elementor-post-type=\"page\">\n\t\t\t\t\t\t<section class=\"elementor-section elementor-top-section elementor-element elementor-element-a0170b8 elementor-section-full_width elementor-section-height-default elementor-section-height-default\" data-id=\"a0170b8\" data-element_type=\"section\" data-e-type=\"section\">\n\t\t\t\t\t\t<div class=\"elementor-container elementor-column-gap-no\">\n\t\t\t\t\t<div class=\"elementor-column elementor-col-100 elementor-top-column elementor-element elementor-element-6e59bc1\" data-id=\"6e59bc1\" data-element_type=\"column\" data-e-type=\"column\">\n\t\t\t<div class=\"elementor-widget-wrap elementor-element-populated\">\n\t\t\t\t\t\t<div class=\"elementor-element elementor-element-62ab592 premium-blog-align-center elementor-widget elementor-widget-premium-addon-blog\" data-id=\"62ab592\" data-element_type=\"widget\" data-e-type=\"widget\" data-settings=\"{&quot;premium_blog_columns_number&quot;:&quot;100%&quot;,&quot;premium_blog_grid&quot;:&quot;yes&quot;,&quot;premium_blog_layout&quot;:&quot;even&quot;,&quot;premium_blog_columns_number_tablet&quot;:&quot;50%&quot;,&quot;premium_blog_columns_number_mobile&quot;:&quot;100%&quot;,&quot;scroll_to_offset&quot;:&quot;yes&quot;}\" data-widget_type=\"premium-addon-blog.default\">\n\t\t\t\t<div class=\"elementor-widget-container\">\n\t\t\t\t\t\n\t\t\n\n\t\t\t\t<div class=\"premium-blog-wrap  premium-blog-even\" data-page=\"23\" data-pagination=\"true\">\n\t\t\t\t\t\t\t\t\t<div class=\"premium-blog-post-outer-container\" data-total=\"15\">\n\t\t\t<div class=\"premium-blog-post-container premium-blog-skin-side\">\n\t\t\t\t\t\t\t\t\t<div class=\"premium-blog-thumb-effect-wrapper\">\n\t\t\t\t\t\t<div class=\"premium-blog-thumbnail-container premium-blog-blur-effect\">\n\t\t\t\t\t\t\t<img fetchpriority=\"high\" decoding=\"async\" width=\"900\" height=\"600\" src=\"https:\/\/www.autoescolasantfeliu.com\/wp-content\/uploads\/2025\/07\/Autoescola-Sant-Feliu-Blog-Com-superar-la-por-a-conduir-un-cop-obtingut-el-carnet.jpg\" class=\"attachment-full size-full wp-image-2103\" alt=\"Autoescola Sant Feliu - Blog - Com superar la por a conduir un cop obtingut el carnet\" srcset=\"https:\/\/www.autoescolasantfeliu.com\/wp-content\/uploads\/2025\/07\/Autoescola-Sant-Feliu-Blog-Com-superar-la-por-a-conduir-un-cop-obtingut-el-carnet.jpg 900w, https:\/\/www.autoescolasantfeliu.com\/wp-content\/uploads\/2025\/07\/Autoescola-Sant-Feliu-Blog-Com-superar-la-por-a-conduir-un-cop-obtingut-el-carnet-300x200.jpg 300w, https:\/\/www.autoescolasantfeliu.com\/wp-content\/uploads\/2025\/07\/Autoescola-Sant-Feliu-Blog-Com-superar-la-por-a-conduir-un-cop-obtingut-el-carnet-768x512.jpg 768w\" sizes=\"(max-width: 900px) 100vw, 900px\" \/>\t\t\t\t\t\t<\/div>\n\t\t\t\t\t\t\t\t\t\t\t\t\t<div class=\"premium-blog-thumbnail-overlay\">\n\t\t\t\t\t\t\t\t<a class=\"elementor-icon\" href=\"https:\/\/www.autoescolasantfeliu.com\/es\/com-superar-la-por-a-conduir-un-cop-obtingut-el-carnet\/\" target=\"_blank\"><\/a>\n\t\t\t\t\t\t\t<\/div>\n\n\t\t\t\t\t\t\t\t\t\t\t\t\t\t\t\t\t\t<\/div>\n\t\t\t\t\t\t\t\t\t\t\t\t<div class=\"premium-blog-content-wrapper \">\n\n\t\t\t\t\t<div class=\"premium-blog-inner-container\">\n\n\t\t\t\t\t\t\t\t\t\t\t\t\t\t<h2 class=\"premium-blog-entry-title\">\n\t\t\t<a href=\"https:\/\/www.autoescolasantfeliu.com\/es\/com-superar-la-por-a-conduir-un-cop-obtingut-el-carnet\/\" target=\"_blank\">\n\t\t\t\tC\u00f3mo superar el miedo a conducir una vez obtenido el carnet\t\t\t<\/a>\n\t\t<\/h2>\n\t\t\t\t<div class=\"premium-blog-entry-meta\">\n\t\t\t\n\t\t\t\n\t\t\t\n\t\t\t\t\t<\/div>\n\t\t\n\t\t\t\t\t<\/div>\n\n\t\t\t\t\t\t\t<div class=\"premium-blog-content-inner-wrapper\">\n\t\t<p class=\"premium-blog-post-content\"><p style=\"text-align: justify\">Muchas personas experimentan miedo o inseguridad al sentarse al volante por primera vez en solitario. Esto es m\u00e1s com\u00fan de lo que crees, y en <strong>Autoescola Sant Feliu<\/strong> queremos ayudarte a superarlo para que disfrutes de la libertad que te da conducir.<\/p>\r\n<p style=\"text-align: justify\">Aqu\u00ed tienes algunos consejos pr\u00e1cticos para vencer el miedo y ganar confianza en la carretera.<\/p><\/p><div class=\"premium-blog-excerpt-link-wrap\"><a href=\"https:\/\/www.autoescolasantfeliu.com\/es\/com-superar-la-por-a-conduir-un-cop-obtingut-el-carnet\/\" target=\"_blank\" class=\"premium-blog-excerpt-link elementor-button\">Llegir m\u00e9s \u00bb<\/a><\/div>\t\t<\/div>\n\t\t\t\t\t\t\t\n\t\t\t\t<\/div>\n\t\t\t<\/div>\n\t\t<\/div>\n\n\t\t\t\t<div class=\"premium-blog-post-outer-container\" data-total=\"15\">\n\t\t\t<div class=\"premium-blog-post-container premium-blog-skin-side\">\n\t\t\t\t\t\t\t\t\t<div class=\"premium-blog-thumb-effect-wrapper\">\n\t\t\t\t\t\t<div class=\"premium-blog-thumbnail-container premium-blog-blur-effect\">\n\t\t\t\t\t\t\t<img decoding=\"async\" width=\"900\" height=\"600\" src=\"https:\/\/www.autoescolasantfeliu.com\/wp-content\/uploads\/2025\/02\/Autoescola-Sant-Feliu-Blog-Seguretat-viaria-El-que-ens-depara-aquest-any.jpg\" class=\"attachment-full size-full wp-image-2081\" alt=\"Autoescola Sant Feliu - Blog - Seguretat vi\u00e0ria - El que ens depara aquest any\" srcset=\"https:\/\/www.autoescolasantfeliu.com\/wp-content\/uploads\/2025\/02\/Autoescola-Sant-Feliu-Blog-Seguretat-viaria-El-que-ens-depara-aquest-any.jpg 900w, https:\/\/www.autoescolasantfeliu.com\/wp-content\/uploads\/2025\/02\/Autoescola-Sant-Feliu-Blog-Seguretat-viaria-El-que-ens-depara-aquest-any-300x200.jpg 300w, https:\/\/www.autoescolasantfeliu.com\/wp-content\/uploads\/2025\/02\/Autoescola-Sant-Feliu-Blog-Seguretat-viaria-El-que-ens-depara-aquest-any-768x512.jpg 768w\" sizes=\"(max-width: 900px) 100vw, 900px\" \/>\t\t\t\t\t\t<\/div>\n\t\t\t\t\t\t\t\t\t\t\t\t\t<div class=\"premium-blog-thumbnail-overlay\">\n\t\t\t\t\t\t\t\t<a class=\"elementor-icon\" href=\"https:\/\/www.autoescolasantfeliu.com\/es\/seguretat-viaria-el-que-ens-depara-aquest-any\/\" target=\"_blank\"><\/a>\n\t\t\t\t\t\t\t<\/div>\n\n\t\t\t\t\t\t\t\t\t\t\t\t\t\t\t\t\t\t<\/div>\n\t\t\t\t\t\t\t\t\t\t\t\t<div class=\"premium-blog-content-wrapper \">\n\n\t\t\t\t\t<div class=\"premium-blog-inner-container\">\n\n\t\t\t\t\t\t\t\t\t\t\t\t\t\t<h2 class=\"premium-blog-entry-title\">\n\t\t\t<a href=\"https:\/\/www.autoescolasantfeliu.com\/es\/seguretat-viaria-el-que-ens-depara-aquest-any\/\" target=\"_blank\">\n\t\t\t\tSeguridad vial: \u00a1lo que nos depara este a\u00f1o!\t\t\t<\/a>\n\t\t<\/h2>\n\t\t\t\t<div class=\"premium-blog-entry-meta\">\n\t\t\t\n\t\t\t\n\t\t\t\n\t\t\t\t\t<\/div>\n\t\t\n\t\t\t\t\t<\/div>\n\n\t\t\t\t\t\t\t<div class=\"premium-blog-content-inner-wrapper\">\n\t\t<p class=\"premium-blog-post-content\"><p style=\"text-align: justify\">2025 promete ser un a\u00f1o transformador en el \u00e1mbito de la\u00a0<strong>seguridad vial<\/strong>. Con los avances tecnol\u00f3gicos, cambios normativos y un enfoque renovado en la sostenibilidad, la movilidad se dirige hacia un futuro m\u00e1s seguro, eficiente y respetuoso con el medio ambiente.<\/p>\r\n<p style=\"text-align: justify\">Te presentamos las principales tendencias que marcar\u00e1n la\u00a0<strong>seguridad vial<\/strong>\u00a0este nuevo a\u00f1o.<\/p><\/p><div class=\"premium-blog-excerpt-link-wrap\"><a href=\"https:\/\/www.autoescolasantfeliu.com\/es\/seguretat-viaria-el-que-ens-depara-aquest-any\/\" target=\"_blank\" class=\"premium-blog-excerpt-link elementor-button\">Llegir m\u00e9s \u00bb<\/a><\/div>\t\t<\/div>\n\t\t\t\t\t\t\t\n\t\t\t\t<\/div>\n\t\t\t<\/div>\n\t\t<\/div>\n\n\t\t\t\t<div class=\"premium-blog-post-outer-container\" data-total=\"15\">\n\t\t\t<div class=\"premium-blog-post-container premium-blog-skin-side\">\n\t\t\t\t\t\t\t\t\t<div class=\"premium-blog-thumb-effect-wrapper\">\n\t\t\t\t\t\t<div class=\"premium-blog-thumbnail-container premium-blog-blur-effect\">\n\t\t\t\t\t\t\t<img decoding=\"async\" width=\"900\" height=\"600\" src=\"https:\/\/www.autoescolasantfeliu.com\/wp-content\/uploads\/2024\/11\/Autoescola-Sant-Feliu-Blog-Com-canviar-letiqueta-B-del-teu-cotxe-a-una-C.jpg\" class=\"attachment-full size-full wp-image-2062\" alt=\"Autoescola Sant Feliu - Blog - Com canviar l&#039;etiqueta B del teu cotxe a una C\" srcset=\"https:\/\/www.autoescolasantfeliu.com\/wp-content\/uploads\/2024\/11\/Autoescola-Sant-Feliu-Blog-Com-canviar-letiqueta-B-del-teu-cotxe-a-una-C.jpg 900w, https:\/\/www.autoescolasantfeliu.com\/wp-content\/uploads\/2024\/11\/Autoescola-Sant-Feliu-Blog-Com-canviar-letiqueta-B-del-teu-cotxe-a-una-C-300x200.jpg 300w, https:\/\/www.autoescolasantfeliu.com\/wp-content\/uploads\/2024\/11\/Autoescola-Sant-Feliu-Blog-Com-canviar-letiqueta-B-del-teu-cotxe-a-una-C-768x512.jpg 768w\" sizes=\"(max-width: 900px) 100vw, 900px\" \/>\t\t\t\t\t\t<\/div>\n\t\t\t\t\t\t\t\t\t\t\t\t\t<div class=\"premium-blog-thumbnail-overlay\">\n\t\t\t\t\t\t\t\t<a class=\"elementor-icon\" href=\"https:\/\/www.autoescolasantfeliu.com\/es\/com-canviar-letiqueta-b-del-teu-cotxe-a-una-c\/\" target=\"_blank\"><\/a>\n\t\t\t\t\t\t\t<\/div>\n\n\t\t\t\t\t\t\t\t\t\t\t\t\t\t\t\t\t\t<\/div>\n\t\t\t\t\t\t\t\t\t\t\t\t<div class=\"premium-blog-content-wrapper \">\n\n\t\t\t\t\t<div class=\"premium-blog-inner-container\">\n\n\t\t\t\t\t\t\t\t\t\t\t\t\t\t<h2 class=\"premium-blog-entry-title\">\n\t\t\t<a href=\"https:\/\/www.autoescolasantfeliu.com\/es\/com-canviar-letiqueta-b-del-teu-cotxe-a-una-c\/\" target=\"_blank\">\n\t\t\t\tC\u00f3mo cambiar la etiqueta B de tu coche a una C\t\t\t<\/a>\n\t\t<\/h2>\n\t\t\t\t<div class=\"premium-blog-entry-meta\">\n\t\t\t\n\t\t\t\n\t\t\t\n\t\t\t\t\t<\/div>\n\t\t\n\t\t\t\t\t<\/div>\n\n\t\t\t\t\t\t\t<div class=\"premium-blog-content-inner-wrapper\">\n\t\t<p class=\"premium-blog-post-content\"><p style=\"text-align: justify\">Cambiar de una etiqueta a otra supone beneficios como acceder a ciertas zonas de algunas ciudades cuando hay restricciones de tr\u00e1fico.<\/p>\r\n<p style=\"text-align: justify\">Las\u00a0<strong>Zonas de Bajas Emisiones\u00a0(ZBE)<\/strong> ya forman parte de nuestro d\u00eda a d\u00eda en muchas ciudades de Espa\u00f1a, destacando, sobre todo, Madrid y Barcelona. Estas existen para\u00a0restringir el acceso, estacionamiento y circulaci\u00f3n\u00a0de ciertos veh\u00edculos, con el objetivo de mejorar la calidad del aire en \u00e1reas espec\u00edficas.<\/p><\/p><div class=\"premium-blog-excerpt-link-wrap\"><a href=\"https:\/\/www.autoescolasantfeliu.com\/es\/com-canviar-letiqueta-b-del-teu-cotxe-a-una-c\/\" target=\"_blank\" class=\"premium-blog-excerpt-link elementor-button\">Llegir m\u00e9s \u00bb<\/a><\/div>\t\t<\/div>\n\t\t\t\t\t\t\t\n\t\t\t\t<\/div>\n\t\t\t<\/div>\n\t\t<\/div>\n\n\t\t\t\t<div class=\"premium-blog-post-outer-container\" data-total=\"15\">\n\t\t\t<div class=\"premium-blog-post-container premium-blog-skin-side\">\n\t\t\t\t\t\t\t\t\t<div class=\"premium-blog-thumb-effect-wrapper\">\n\t\t\t\t\t\t<div class=\"premium-blog-thumbnail-container premium-blog-blur-effect\">\n\t\t\t\t\t\t\t<img loading=\"lazy\" decoding=\"async\" width=\"900\" height=\"600\" src=\"https:\/\/www.autoescolasantfeliu.com\/wp-content\/uploads\/2024\/08\/Autoescola-Sant-Feliu-Blog-Qui-no-ha-plegat-alguna-vegada-els-retrovisors-del-cotxe-en-aparcar-lo.jpg\" class=\"attachment-full size-full wp-image-2046\" alt=\"Autoescola Sant Feliu - Blog - Qui no ha plegat alguna vegada els retrovisors del cotxe en aparcar-lo\" srcset=\"https:\/\/www.autoescolasantfeliu.com\/wp-content\/uploads\/2024\/08\/Autoescola-Sant-Feliu-Blog-Qui-no-ha-plegat-alguna-vegada-els-retrovisors-del-cotxe-en-aparcar-lo.jpg 900w, https:\/\/www.autoescolasantfeliu.com\/wp-content\/uploads\/2024\/08\/Autoescola-Sant-Feliu-Blog-Qui-no-ha-plegat-alguna-vegada-els-retrovisors-del-cotxe-en-aparcar-lo-300x200.jpg 300w, https:\/\/www.autoescolasantfeliu.com\/wp-content\/uploads\/2024\/08\/Autoescola-Sant-Feliu-Blog-Qui-no-ha-plegat-alguna-vegada-els-retrovisors-del-cotxe-en-aparcar-lo-768x512.jpg 768w\" sizes=\"(max-width: 900px) 100vw, 900px\" \/>\t\t\t\t\t\t<\/div>\n\t\t\t\t\t\t\t\t\t\t\t\t\t<div class=\"premium-blog-thumbnail-overlay\">\n\t\t\t\t\t\t\t\t<a class=\"elementor-icon\" href=\"https:\/\/www.autoescolasantfeliu.com\/es\/qui-no-ha-plegat-alguna-vegada-els-retrovisors-del-cotxe-en-aparcar-lo\/\" target=\"_blank\"><\/a>\n\t\t\t\t\t\t\t<\/div>\n\n\t\t\t\t\t\t\t\t\t\t\t\t\t\t\t\t\t\t<\/div>\n\t\t\t\t\t\t\t\t\t\t\t\t<div class=\"premium-blog-content-wrapper \">\n\n\t\t\t\t\t<div class=\"premium-blog-inner-container\">\n\n\t\t\t\t\t\t\t\t\t\t\t\t\t\t<h2 class=\"premium-blog-entry-title\">\n\t\t\t<a href=\"https:\/\/www.autoescolasantfeliu.com\/es\/qui-no-ha-plegat-alguna-vegada-els-retrovisors-del-cotxe-en-aparcar-lo\/\" target=\"_blank\">\n\t\t\t\t\u00bfQui\u00e9n no ha plegado alguna vez los retrovisores del coche al aparcarlo?\t\t\t<\/a>\n\t\t<\/h2>\n\t\t\t\t<div class=\"premium-blog-entry-meta\">\n\t\t\t\n\t\t\t\n\t\t\t\n\t\t\t\t\t<\/div>\n\t\t\n\t\t\t\t\t<\/div>\n\n\t\t\t\t\t\t\t<div class=\"premium-blog-content-inner-wrapper\">\n\t\t<p class=\"premium-blog-post-content\"><p style=\"text-align: justify\">Muchos conductores piensan que es algo prudente, no obstante, <strong>la DGT ha indicado que esta pr\u00e1ctica\u00a0no es tan recomendable como parece<\/strong>.<\/p>\r\n<p style=\"text-align: justify\">Los retrovisores de los coches se pueden plegar manual o autom\u00e1ticamente. Sin embargo,\u00a0lo que puede parecer una medida de precauci\u00f3n puede tener consecuencias poco deseadas.<\/p><\/p><div class=\"premium-blog-excerpt-link-wrap\"><a href=\"https:\/\/www.autoescolasantfeliu.com\/es\/qui-no-ha-plegat-alguna-vegada-els-retrovisors-del-cotxe-en-aparcar-lo\/\" target=\"_blank\" class=\"premium-blog-excerpt-link elementor-button\">Llegir m\u00e9s \u00bb<\/a><\/div>\t\t<\/div>\n\t\t\t\t\t\t\t\n\t\t\t\t<\/div>\n\t\t\t<\/div>\n\t\t<\/div>\n\n\t\t\t\t\t\t\t<\/div>\n\n\t\t\t\t\t<div class=\"premium-blog-footer\">\n\t\t\t\t\t\t\t<nav class=\"premium-blog-pagination-container\" role=\"navigation\" aria-label=\"Paginaci\u00f3n\">\n\t\t\t\t<span aria-current=\"page\" class=\"page-numbers current\">1<\/span>\n<a class=\"page-numbers\" href=\"https:\/\/www.autoescolasantfeliu.com\/es\/wp-json\/wp\/v2\/pages\/23\/page\/2\/\">2<\/a>\n<a class=\"page-numbers\" href=\"https:\/\/www.autoescolasantfeliu.com\/es\/wp-json\/wp\/v2\/pages\/23\/page\/3\/\">3<\/a>\n<span class=\"page-numbers dots\">&hellip;<\/span>\n<a class=\"page-numbers\" href=\"https:\/\/www.autoescolasantfeliu.com\/es\/wp-json\/wp\/v2\/pages\/23\/page\/15\/\">15<\/a>\t\t\t<\/nav>\n\t\t\t\t\t\t<\/div>\n\t\t\n\t\t\n\t\t\t\t\t\t<\/div>\n\t\t\t\t<\/div>\n\t\t\t\t\t<\/div>\n\t\t<\/div>\n\t\t\t\t\t<\/div>\n\t\t<\/section>\n\t\t\t\t<\/div>\n\t\t","protected":false},"excerpt":{"rendered":"<p>Nuevas normativas de seguridad en autom\u00f3viles Nuevas normativas de seguridad en autom\u00f3viles A partir del 7 de julio de 2024, una nueva normativa exigir\u00e1 que todos los autom\u00f3viles nuevos incluyan ciertos sistemas de seguridad que hasta ahora eran opcionales. Esta medida busca reducir los accidentes y las lesiones en las carreteras, aprovechando tecnolog\u00edas que ya<br \/><a class=\"moretag\" href=\"https:\/\/www.autoescolasantfeliu.com\/es\/qui-no-ha-plegat-alguna-vegada-els-retrovisors-del-cotxe-en-aparcar-lo\/\">+ Read More<\/a><\/p>\n","protected":false},"author":1,"featured_media":979,"parent":0,"menu_order":0,"comment_status":"closed","ping_status":"closed","template":"templates\/page-fullwidth_template.php","meta":{"footnotes":""},"class_list":["post-23","page","type-page","status-publish","has-post-thumbnail","hentry"],"yoast_head":"<!-- This site is optimized with the Yoast SEO plugin v27.4 - https:\/\/yoast.com\/product\/yoast-seo-wordpress\/ -->\n<title>Blog - Autoescola Sant Feliu<\/title>\n<meta name=\"robots\" content=\"index, follow, max-snippet:-1, max-image-preview:large, max-video-preview:-1\" \/>\n<link rel=\"canonical\" href=\"https:\/\/www.autoescolasantfeliu.com\/blog\/\" \/>\n<meta property=\"og:locale\" content=\"es_ES\" \/>\n<meta property=\"og:type\" content=\"article\" \/>\n<meta property=\"og:title\" content=\"Blog - Autoescola Sant Feliu\" \/>\n<meta property=\"og:description\" content=\"Nuevas normativas de seguridad en autom\u00f3viles Nuevas normativas de seguridad en autom\u00f3viles A partir del 7 de julio de 2024, una nueva normativa exigir\u00e1 que todos los autom\u00f3viles nuevos incluyan ciertos sistemas de seguridad que hasta ahora eran opcionales. Esta medida busca reducir los accidentes y las lesiones en las carreteras, aprovechando tecnolog\u00edas que ya+ Read More\" \/>\n<meta property=\"og:url\" content=\"https:\/\/www.autoescolasantfeliu.com\/blog\/\" \/>\n<meta property=\"og:site_name\" content=\"Autoescola Sant Feliu\" \/>\n<meta property=\"article:publisher\" content=\"https:\/\/www.facebook.com\/autoescolastfeliu\/?ref=br_rs\" \/>\n<meta property=\"article:modified_time\" content=\"2024-07-24T20:34:14+00:00\" \/>\n<meta property=\"og:image\" content=\"https:\/\/www.autoescolasantfeliu.com\/wp-content\/uploads\/2018\/11\/Blog-H-.jpg\" \/>\n\t<meta property=\"og:image:width\" content=\"1400\" \/>\n\t<meta property=\"og:image:height\" content=\"400\" \/>\n\t<meta property=\"og:image:type\" content=\"image\/jpeg\" \/>\n<meta name=\"twitter:card\" content=\"summary_large_image\" \/>\n<meta name=\"twitter:label1\" content=\"Tiempo de lectura\" \/>\n\t<meta name=\"twitter:data1\" content=\"3 minutos\" \/>\n<script type=\"application\/ld+json\" class=\"yoast-schema-graph\">{\"@context\":\"https:\\\/\\\/schema.org\",\"@graph\":[{\"@type\":\"WebPage\",\"@id\":\"https:\\\/\\\/www.autoescolasantfeliu.com\\\/blog\\\/\",\"url\":\"https:\\\/\\\/www.autoescolasantfeliu.com\\\/blog\\\/\",\"name\":\"Blog - Autoescola Sant Feliu\",\"isPartOf\":{\"@id\":\"https:\\\/\\\/www.autoescolasantfeliu.com\\\/#website\"},\"primaryImageOfPage\":{\"@id\":\"https:\\\/\\\/www.autoescolasantfeliu.com\\\/blog\\\/#primaryimage\"},\"image\":{\"@id\":\"https:\\\/\\\/www.autoescolasantfeliu.com\\\/blog\\\/#primaryimage\"},\"thumbnailUrl\":\"https:\\\/\\\/www.autoescolasantfeliu.com\\\/wp-content\\\/uploads\\\/2018\\\/11\\\/Blog-H-.jpg\",\"datePublished\":\"2017-07-04T08:13:10+00:00\",\"dateModified\":\"2024-07-24T20:34:14+00:00\",\"breadcrumb\":{\"@id\":\"https:\\\/\\\/www.autoescolasantfeliu.com\\\/blog\\\/#breadcrumb\"},\"inLanguage\":\"es\",\"potentialAction\":[{\"@type\":\"ReadAction\",\"target\":[\"https:\\\/\\\/www.autoescolasantfeliu.com\\\/blog\\\/\"]}]},{\"@type\":\"ImageObject\",\"inLanguage\":\"es\",\"@id\":\"https:\\\/\\\/www.autoescolasantfeliu.com\\\/blog\\\/#primaryimage\",\"url\":\"https:\\\/\\\/www.autoescolasantfeliu.com\\\/wp-content\\\/uploads\\\/2018\\\/11\\\/Blog-H-.jpg\",\"contentUrl\":\"https:\\\/\\\/www.autoescolasantfeliu.com\\\/wp-content\\\/uploads\\\/2018\\\/11\\\/Blog-H-.jpg\",\"width\":1400,\"height\":400,\"caption\":\"Blog | Autoescola Sant Feliu\"},{\"@type\":\"BreadcrumbList\",\"@id\":\"https:\\\/\\\/www.autoescolasantfeliu.com\\\/blog\\\/#breadcrumb\",\"itemListElement\":[{\"@type\":\"ListItem\",\"position\":1,\"name\":\"Portada\",\"item\":\"https:\\\/\\\/www.autoescolasantfeliu.com\\\/\"},{\"@type\":\"ListItem\",\"position\":2,\"name\":\"Blog\"}]},{\"@type\":\"WebSite\",\"@id\":\"https:\\\/\\\/www.autoescolasantfeliu.com\\\/#website\",\"url\":\"https:\\\/\\\/www.autoescolasantfeliu.com\\\/\",\"name\":\"Autoescola Sant Feliu\",\"description\":\"Autoescola Sant Feliu\",\"publisher\":{\"@id\":\"https:\\\/\\\/www.autoescolasantfeliu.com\\\/#organization\"},\"potentialAction\":[{\"@type\":\"SearchAction\",\"target\":{\"@type\":\"EntryPoint\",\"urlTemplate\":\"https:\\\/\\\/www.autoescolasantfeliu.com\\\/?s={search_term_string}\"},\"query-input\":{\"@type\":\"PropertyValueSpecification\",\"valueRequired\":true,\"valueName\":\"search_term_string\"}}],\"inLanguage\":\"es\"},{\"@type\":\"Organization\",\"@id\":\"https:\\\/\\\/www.autoescolasantfeliu.com\\\/#organization\",\"name\":\"Autoescola Sant Feliu\",\"url\":\"https:\\\/\\\/www.autoescolasantfeliu.com\\\/\",\"logo\":{\"@type\":\"ImageObject\",\"inLanguage\":\"es\",\"@id\":\"https:\\\/\\\/www.autoescolasantfeliu.com\\\/#\\\/schema\\\/logo\\\/image\\\/\",\"url\":\"https:\\\/\\\/www.autoescolasantfeliu.com\\\/wp-content\\\/uploads\\\/2018\\\/11\\\/Autoescola-Sant-Feliu-Logo.png\",\"contentUrl\":\"https:\\\/\\\/www.autoescolasantfeliu.com\\\/wp-content\\\/uploads\\\/2018\\\/11\\\/Autoescola-Sant-Feliu-Logo.png\",\"width\":450,\"height\":65,\"caption\":\"Autoescola Sant Feliu\"},\"image\":{\"@id\":\"https:\\\/\\\/www.autoescolasantfeliu.com\\\/#\\\/schema\\\/logo\\\/image\\\/\"},\"sameAs\":[\"https:\\\/\\\/www.facebook.com\\\/autoescolastfeliu\\\/?ref=br_rs\",\"https:\\\/\\\/www.instagram.com\\\/autoescolasantfeliuaesf\\\/\"]}]}<\/script>\n<!-- \/ Yoast SEO plugin. -->","yoast_head_json":{"title":"Blog - Autoescola Sant Feliu","robots":{"index":"index","follow":"follow","max-snippet":"max-snippet:-1","max-image-preview":"max-image-preview:large","max-video-preview":"max-video-preview:-1"},"canonical":"https:\/\/www.autoescolasantfeliu.com\/blog\/","og_locale":"es_ES","og_type":"article","og_title":"Blog - Autoescola Sant Feliu","og_description":"Nuevas normativas de seguridad en autom\u00f3viles Nuevas normativas de seguridad en autom\u00f3viles A partir del 7 de julio de 2024, una nueva normativa exigir\u00e1 que todos los autom\u00f3viles nuevos incluyan ciertos sistemas de seguridad que hasta ahora eran opcionales. Esta medida busca reducir los accidentes y las lesiones en las carreteras, aprovechando tecnolog\u00edas que ya+ Read More","og_url":"https:\/\/www.autoescolasantfeliu.com\/blog\/","og_site_name":"Autoescola Sant Feliu","article_publisher":"https:\/\/www.facebook.com\/autoescolastfeliu\/?ref=br_rs","article_modified_time":"2024-07-24T20:34:14+00:00","og_image":[{"width":1400,"height":400,"url":"https:\/\/www.autoescolasantfeliu.com\/wp-content\/uploads\/2018\/11\/Blog-H-.jpg","type":"image\/jpeg"}],"twitter_card":"summary_large_image","twitter_misc":{"Tiempo de lectura":"3 minutos"},"schema":{"@context":"https:\/\/schema.org","@graph":[{"@type":"WebPage","@id":"https:\/\/www.autoescolasantfeliu.com\/blog\/","url":"https:\/\/www.autoescolasantfeliu.com\/blog\/","name":"Blog - Autoescola Sant Feliu","isPartOf":{"@id":"https:\/\/www.autoescolasantfeliu.com\/#website"},"primaryImageOfPage":{"@id":"https:\/\/www.autoescolasantfeliu.com\/blog\/#primaryimage"},"image":{"@id":"https:\/\/www.autoescolasantfeliu.com\/blog\/#primaryimage"},"thumbnailUrl":"https:\/\/www.autoescolasantfeliu.com\/wp-content\/uploads\/2018\/11\/Blog-H-.jpg","datePublished":"2017-07-04T08:13:10+00:00","dateModified":"2024-07-24T20:34:14+00:00","breadcrumb":{"@id":"https:\/\/www.autoescolasantfeliu.com\/blog\/#breadcrumb"},"inLanguage":"es","potentialAction":[{"@type":"ReadAction","target":["https:\/\/www.autoescolasantfeliu.com\/blog\/"]}]},{"@type":"ImageObject","inLanguage":"es","@id":"https:\/\/www.autoescolasantfeliu.com\/blog\/#primaryimage","url":"https:\/\/www.autoescolasantfeliu.com\/wp-content\/uploads\/2018\/11\/Blog-H-.jpg","contentUrl":"https:\/\/www.autoescolasantfeliu.com\/wp-content\/uploads\/2018\/11\/Blog-H-.jpg","width":1400,"height":400,"caption":"Blog | Autoescola Sant Feliu"},{"@type":"BreadcrumbList","@id":"https:\/\/www.autoescolasantfeliu.com\/blog\/#breadcrumb","itemListElement":[{"@type":"ListItem","position":1,"name":"Portada","item":"https:\/\/www.autoescolasantfeliu.com\/"},{"@type":"ListItem","position":2,"name":"Blog"}]},{"@type":"WebSite","@id":"https:\/\/www.autoescolasantfeliu.com\/#website","url":"https:\/\/www.autoescolasantfeliu.com\/","name":"Autoescola Sant Feliu","description":"Autoescola Sant Feliu","publisher":{"@id":"https:\/\/www.autoescolasantfeliu.com\/#organization"},"potentialAction":[{"@type":"SearchAction","target":{"@type":"EntryPoint","urlTemplate":"https:\/\/www.autoescolasantfeliu.com\/?s={search_term_string}"},"query-input":{"@type":"PropertyValueSpecification","valueRequired":true,"valueName":"search_term_string"}}],"inLanguage":"es"},{"@type":"Organization","@id":"https:\/\/www.autoescolasantfeliu.com\/#organization","name":"Autoescola Sant Feliu","url":"https:\/\/www.autoescolasantfeliu.com\/","logo":{"@type":"ImageObject","inLanguage":"es","@id":"https:\/\/www.autoescolasantfeliu.com\/#\/schema\/logo\/image\/","url":"https:\/\/www.autoescolasantfeliu.com\/wp-content\/uploads\/2018\/11\/Autoescola-Sant-Feliu-Logo.png","contentUrl":"https:\/\/www.autoescolasantfeliu.com\/wp-content\/uploads\/2018\/11\/Autoescola-Sant-Feliu-Logo.png","width":450,"height":65,"caption":"Autoescola Sant Feliu"},"image":{"@id":"https:\/\/www.autoescolasantfeliu.com\/#\/schema\/logo\/image\/"},"sameAs":["https:\/\/www.facebook.com\/autoescolastfeliu\/?ref=br_rs","https:\/\/www.instagram.com\/autoescolasantfeliuaesf\/"]}]}},"_links":{"self":[{"href":"https:\/\/www.autoescolasantfeliu.com\/es\/wp-json\/wp\/v2\/pages\/23","targetHints":{"allow":["GET"]}}],"collection":[{"href":"https:\/\/www.autoescolasantfeliu.com\/es\/wp-json\/wp\/v2\/pages"}],"about":[{"href":"https:\/\/www.autoescolasantfeliu.com\/es\/wp-json\/wp\/v2\/types\/page"}],"author":[{"embeddable":true,"href":"https:\/\/www.autoescolasantfeliu.com\/es\/wp-json\/wp\/v2\/users\/1"}],"replies":[{"embeddable":true,"href":"https:\/\/www.autoescolasantfeliu.com\/es\/wp-json\/wp\/v2\/comments?post=23"}],"version-history":[{"count":0,"href":"https:\/\/www.autoescolasantfeliu.com\/es\/wp-json\/wp\/v2\/pages\/23\/revisions"}],"wp:featuredmedia":[{"embeddable":true,"href":"https:\/\/www.autoescolasantfeliu.com\/es\/wp-json\/wp\/v2\/media\/979"}],"wp:attachment":[{"href":"https:\/\/www.autoescolasantfeliu.com\/es\/wp-json\/wp\/v2\/media?parent=23"}],"curies":[{"name":"wp","href":"https:\/\/api.w.org\/{rel}","templated":true}]}}