{"id":13,"date":"2017-07-04T09:28:41","date_gmt":"2017-07-04T07:28:41","guid":{"rendered":"http:\/\/www.autoescolasantfeliu.com\/?page_id=13"},"modified":"2026-03-13T15:29:17","modified_gmt":"2026-03-13T14:29:17","slug":"permisos","status":"publish","type":"page","link":"https:\/\/www.autoescolasantfeliu.com\/es\/permisos\/","title":{"rendered":"Permisos"},"content":{"rendered":"\t\t<div data-elementor-type=\"wp-post\" data-elementor-id=\"13\" class=\"elementor elementor-13\" data-elementor-post-type=\"page\">\n\t\t\t\t\t\t<section class=\"elementor-section elementor-top-section elementor-element elementor-element-1b6045b8 elementor-section-full_width elementor-section-height-default elementor-section-height-default\" data-id=\"1b6045b8\" data-element_type=\"section\" data-e-type=\"section\">\n\t\t\t\t\t\t<div class=\"elementor-container elementor-column-gap-no\">\n\t\t\t\t\t<div class=\"elementor-column elementor-col-100 elementor-top-column elementor-element elementor-element-553a0595\" data-id=\"553a0595\" data-element_type=\"column\" data-e-type=\"column\">\n\t\t\t<div class=\"elementor-widget-wrap elementor-element-populated\">\n\t\t\t\t\t\t<div class=\"elementor-element elementor-element-bf64821 elementor-widget elementor-widget-heading\" data-id=\"bf64821\" data-element_type=\"widget\" data-e-type=\"widget\" data-widget_type=\"heading.default\">\n\t\t\t\t<div class=\"elementor-widget-container\">\n\t\t\t\t\t<h2 class=\"elementor-heading-title elementor-size-default\">AM<\/h2>\t\t\t\t<\/div>\n\t\t\t\t<\/div>\n\t\t\t\t<div class=\"elementor-element elementor-element-7e279b6 elementor-widget elementor-widget-text-editor\" data-id=\"7e279b6\" data-element_type=\"widget\" data-e-type=\"widget\" data-widget_type=\"text-editor.default\">\n\t\t\t\t<div class=\"elementor-widget-container\">\n\t\t\t\t\t\t\t\t\t<p>Edad m\u00ednima: 15 a\u00f1os<br \/>Hasta 49c.c.<\/p><p><strong>Autoriza a conducir:<\/strong><br \/>Ciclomotores de dos o tres ruedas y cuadriciclos ligeros.<br \/>Arrastrar un remolque o semirremolque cuya MMA no supere el 50% de la masa en vac\u00edo del veh\u00edculo tractor.<\/p>\t\t\t\t\t\t\t\t<\/div>\n\t\t\t\t<\/div>\n\t\t\t\t\t<\/div>\n\t\t<\/div>\n\t\t\t\t\t<\/div>\n\t\t<\/section>\n\t\t\t\t<section class=\"elementor-section elementor-top-section elementor-element elementor-element-3087632 elementor-section-full_width elementor-section-height-default elementor-section-height-default\" data-id=\"3087632\" data-element_type=\"section\" data-e-type=\"section\">\n\t\t\t\t\t\t<div class=\"elementor-container elementor-column-gap-no\">\n\t\t\t\t\t<div class=\"elementor-column elementor-col-100 elementor-top-column elementor-element elementor-element-27f98c1\" data-id=\"27f98c1\" data-element_type=\"column\" data-e-type=\"column\">\n\t\t\t<div class=\"elementor-widget-wrap elementor-element-populated\">\n\t\t\t\t\t\t<div class=\"elementor-element elementor-element-ae69fd5 elementor-widget elementor-widget-heading\" data-id=\"ae69fd5\" data-element_type=\"widget\" data-e-type=\"widget\" data-widget_type=\"heading.default\">\n\t\t\t\t<div class=\"elementor-widget-container\">\n\t\t\t\t\t<h2 class=\"elementor-heading-title elementor-size-default\">B<\/h2>\t\t\t\t<\/div>\n\t\t\t\t<\/div>\n\t\t\t\t<div class=\"elementor-element elementor-element-1b9a4a4 elementor-widget elementor-widget-text-editor\" data-id=\"1b9a4a4\" data-element_type=\"widget\" data-e-type=\"widget\" data-widget_type=\"text-editor.default\">\n\t\t\t\t<div class=\"elementor-widget-container\">\n\t\t\t\t\t\t\t\t\t<p><span style=\"text-align: justify;\">Edad m\u00ednima:18 a\u00f1os, pero hasta los 21 a\u00f1os<br \/><\/span><span style=\"text-align: justify;\">no autorizar\u00e1 a conducir veh\u00edculos de 3 ruedas la potencia m\u00e1xima exceda de 15 kW.<\/span><\/p><p><strong>Autoriza a conducir:<\/strong><br \/>Ciclomotores de dos o tres ruedas y cuadriciclos ligeros.<br \/>Veh\u00edculos para personas de movilidad reducida.<br \/>Autom\u00f3viles (incluyendo veh\u00edculos de tres ruedas y cuadriciclos) la MMA sea<br \/>igual o inferior a 3.500 kg y que el n\u00famero de asientos, incluido el conductor, no supere los nueve.<br \/>Pueden llevar enganchado un remolque de MMA no superior a 750 kg.<\/p>\t\t\t\t\t\t\t\t<\/div>\n\t\t\t\t<\/div>\n\t\t\t\t\t<\/div>\n\t\t<\/div>\n\t\t\t\t\t<\/div>\n\t\t<\/section>\n\t\t\t\t<\/div>\n\t\t","protected":false},"excerpt":{"rendered":"<p>AM Edad m\u00ednima: 15 a\u00f1osHasta 49c.c. Autoriza a conducir:Ciclomotores de dos o tres ruedas y cuadriciclos ligeros.Arrastrar un remolque o semirremolque cuya MMA no supere el 50% de la masa en vac\u00edo del veh\u00edculo tractor. B Edad m\u00ednima:18 a\u00f1os, pero hasta los 21 a\u00f1osno autorizar\u00e1 a conducir veh\u00edculos de 3 ruedas la potencia m\u00e1xima exceda<br \/><a class=\"moretag\" href=\"https:\/\/www.autoescolasantfeliu.com\/es\/permisos\/\">+ Read More<\/a><\/p>\n","protected":false},"author":1,"featured_media":903,"parent":0,"menu_order":0,"comment_status":"closed","ping_status":"closed","template":"templates\/page-nosidebar_template.php","meta":{"footnotes":""},"class_list":["post-13","page","type-page","status-publish","has-post-thumbnail","hentry"],"yoast_head":"<!-- This site is optimized with the Yoast SEO plugin v27.4 - https:\/\/yoast.com\/product\/yoast-seo-wordpress\/ -->\n<title>Permisos - Autoescola Sant Feliu<\/title>\n<meta name=\"robots\" content=\"index, follow, max-snippet:-1, max-image-preview:large, max-video-preview:-1\" \/>\n<link rel=\"canonical\" href=\"https:\/\/www.autoescolasantfeliu.com\/permisos\/\" \/>\n<meta property=\"og:locale\" content=\"es_ES\" \/>\n<meta property=\"og:type\" content=\"article\" \/>\n<meta property=\"og:title\" content=\"Permisos - Autoescola Sant Feliu\" \/>\n<meta property=\"og:description\" content=\"AM Edad m\u00ednima: 15 a\u00f1osHasta 49c.c. Autoriza a conducir:Ciclomotores de dos o tres ruedas y cuadriciclos ligeros.Arrastrar un remolque o semirremolque cuya MMA no supere el 50% de la masa en vac\u00edo del veh\u00edculo tractor. B Edad m\u00ednima:18 a\u00f1os, pero hasta los 21 a\u00f1osno autorizar\u00e1 a conducir veh\u00edculos de 3 ruedas la potencia m\u00e1xima exceda+ Read More\" \/>\n<meta property=\"og:url\" content=\"https:\/\/www.autoescolasantfeliu.com\/permisos\/\" \/>\n<meta property=\"og:site_name\" content=\"Autoescola Sant Feliu\" \/>\n<meta property=\"article:publisher\" content=\"https:\/\/www.facebook.com\/autoescolastfeliu\/?ref=br_rs\" \/>\n<meta property=\"article:modified_time\" content=\"2026-03-13T14:29:17+00:00\" \/>\n<meta property=\"og:image\" content=\"https:\/\/www.autoescolasantfeliu.com\/wp-content\/uploads\/2018\/11\/Permisos-H-.jpg\" \/>\n\t<meta property=\"og:image:width\" content=\"1400\" \/>\n\t<meta property=\"og:image:height\" content=\"400\" \/>\n\t<meta property=\"og:image:type\" content=\"image\/jpeg\" \/>\n<meta name=\"twitter:card\" content=\"summary_large_image\" \/>\n<meta name=\"twitter:label1\" content=\"Tiempo de lectura\" \/>\n\t<meta name=\"twitter:data1\" content=\"2 minutos\" \/>\n<script type=\"application\/ld+json\" class=\"yoast-schema-graph\">{\"@context\":\"https:\\\/\\\/schema.org\",\"@graph\":[{\"@type\":\"WebPage\",\"@id\":\"https:\\\/\\\/www.autoescolasantfeliu.com\\\/permisos\\\/\",\"url\":\"https:\\\/\\\/www.autoescolasantfeliu.com\\\/permisos\\\/\",\"name\":\"Permisos - Autoescola Sant Feliu\",\"isPartOf\":{\"@id\":\"https:\\\/\\\/www.autoescolasantfeliu.com\\\/#website\"},\"primaryImageOfPage\":{\"@id\":\"https:\\\/\\\/www.autoescolasantfeliu.com\\\/permisos\\\/#primaryimage\"},\"image\":{\"@id\":\"https:\\\/\\\/www.autoescolasantfeliu.com\\\/permisos\\\/#primaryimage\"},\"thumbnailUrl\":\"https:\\\/\\\/www.autoescolasantfeliu.com\\\/wp-content\\\/uploads\\\/2018\\\/11\\\/Permisos-H-.jpg\",\"datePublished\":\"2017-07-04T07:28:41+00:00\",\"dateModified\":\"2026-03-13T14:29:17+00:00\",\"breadcrumb\":{\"@id\":\"https:\\\/\\\/www.autoescolasantfeliu.com\\\/permisos\\\/#breadcrumb\"},\"inLanguage\":\"es\",\"potentialAction\":[{\"@type\":\"ReadAction\",\"target\":[\"https:\\\/\\\/www.autoescolasantfeliu.com\\\/permisos\\\/\"]}]},{\"@type\":\"ImageObject\",\"inLanguage\":\"es\",\"@id\":\"https:\\\/\\\/www.autoescolasantfeliu.com\\\/permisos\\\/#primaryimage\",\"url\":\"https:\\\/\\\/www.autoescolasantfeliu.com\\\/wp-content\\\/uploads\\\/2018\\\/11\\\/Permisos-H-.jpg\",\"contentUrl\":\"https:\\\/\\\/www.autoescolasantfeliu.com\\\/wp-content\\\/uploads\\\/2018\\\/11\\\/Permisos-H-.jpg\",\"width\":1400,\"height\":400,\"caption\":\"Permisos | Autoescola Sant Feliu\"},{\"@type\":\"BreadcrumbList\",\"@id\":\"https:\\\/\\\/www.autoescolasantfeliu.com\\\/permisos\\\/#breadcrumb\",\"itemListElement\":[{\"@type\":\"ListItem\",\"position\":1,\"name\":\"Portada\",\"item\":\"https:\\\/\\\/www.autoescolasantfeliu.com\\\/\"},{\"@type\":\"ListItem\",\"position\":2,\"name\":\"Permisos\"}]},{\"@type\":\"WebSite\",\"@id\":\"https:\\\/\\\/www.autoescolasantfeliu.com\\\/#website\",\"url\":\"https:\\\/\\\/www.autoescolasantfeliu.com\\\/\",\"name\":\"Autoescola Sant Feliu\",\"description\":\"Autoescola Sant Feliu\",\"publisher\":{\"@id\":\"https:\\\/\\\/www.autoescolasantfeliu.com\\\/#organization\"},\"potentialAction\":[{\"@type\":\"SearchAction\",\"target\":{\"@type\":\"EntryPoint\",\"urlTemplate\":\"https:\\\/\\\/www.autoescolasantfeliu.com\\\/?s={search_term_string}\"},\"query-input\":{\"@type\":\"PropertyValueSpecification\",\"valueRequired\":true,\"valueName\":\"search_term_string\"}}],\"inLanguage\":\"es\"},{\"@type\":\"Organization\",\"@id\":\"https:\\\/\\\/www.autoescolasantfeliu.com\\\/#organization\",\"name\":\"Autoescola Sant Feliu\",\"url\":\"https:\\\/\\\/www.autoescolasantfeliu.com\\\/\",\"logo\":{\"@type\":\"ImageObject\",\"inLanguage\":\"es\",\"@id\":\"https:\\\/\\\/www.autoescolasantfeliu.com\\\/#\\\/schema\\\/logo\\\/image\\\/\",\"url\":\"https:\\\/\\\/www.autoescolasantfeliu.com\\\/wp-content\\\/uploads\\\/2018\\\/11\\\/Autoescola-Sant-Feliu-Logo.png\",\"contentUrl\":\"https:\\\/\\\/www.autoescolasantfeliu.com\\\/wp-content\\\/uploads\\\/2018\\\/11\\\/Autoescola-Sant-Feliu-Logo.png\",\"width\":450,\"height\":65,\"caption\":\"Autoescola Sant Feliu\"},\"image\":{\"@id\":\"https:\\\/\\\/www.autoescolasantfeliu.com\\\/#\\\/schema\\\/logo\\\/image\\\/\"},\"sameAs\":[\"https:\\\/\\\/www.facebook.com\\\/autoescolastfeliu\\\/?ref=br_rs\",\"https:\\\/\\\/www.instagram.com\\\/autoescolasantfeliuaesf\\\/\"]}]}<\/script>\n<!-- \/ Yoast SEO plugin. -->","yoast_head_json":{"title":"Permisos - Autoescola Sant Feliu","robots":{"index":"index","follow":"follow","max-snippet":"max-snippet:-1","max-image-preview":"max-image-preview:large","max-video-preview":"max-video-preview:-1"},"canonical":"https:\/\/www.autoescolasantfeliu.com\/permisos\/","og_locale":"es_ES","og_type":"article","og_title":"Permisos - Autoescola Sant Feliu","og_description":"AM Edad m\u00ednima: 15 a\u00f1osHasta 49c.c. Autoriza a conducir:Ciclomotores de dos o tres ruedas y cuadriciclos ligeros.Arrastrar un remolque o semirremolque cuya MMA no supere el 50% de la masa en vac\u00edo del veh\u00edculo tractor. B Edad m\u00ednima:18 a\u00f1os, pero hasta los 21 a\u00f1osno autorizar\u00e1 a conducir veh\u00edculos de 3 ruedas la potencia m\u00e1xima exceda+ Read More","og_url":"https:\/\/www.autoescolasantfeliu.com\/permisos\/","og_site_name":"Autoescola Sant Feliu","article_publisher":"https:\/\/www.facebook.com\/autoescolastfeliu\/?ref=br_rs","article_modified_time":"2026-03-13T14:29:17+00:00","og_image":[{"width":1400,"height":400,"url":"https:\/\/www.autoescolasantfeliu.com\/wp-content\/uploads\/2018\/11\/Permisos-H-.jpg","type":"image\/jpeg"}],"twitter_card":"summary_large_image","twitter_misc":{"Tiempo de lectura":"2 minutos"},"schema":{"@context":"https:\/\/schema.org","@graph":[{"@type":"WebPage","@id":"https:\/\/www.autoescolasantfeliu.com\/permisos\/","url":"https:\/\/www.autoescolasantfeliu.com\/permisos\/","name":"Permisos - Autoescola Sant Feliu","isPartOf":{"@id":"https:\/\/www.autoescolasantfeliu.com\/#website"},"primaryImageOfPage":{"@id":"https:\/\/www.autoescolasantfeliu.com\/permisos\/#primaryimage"},"image":{"@id":"https:\/\/www.autoescolasantfeliu.com\/permisos\/#primaryimage"},"thumbnailUrl":"https:\/\/www.autoescolasantfeliu.com\/wp-content\/uploads\/2018\/11\/Permisos-H-.jpg","datePublished":"2017-07-04T07:28:41+00:00","dateModified":"2026-03-13T14:29:17+00:00","breadcrumb":{"@id":"https:\/\/www.autoescolasantfeliu.com\/permisos\/#breadcrumb"},"inLanguage":"es","potentialAction":[{"@type":"ReadAction","target":["https:\/\/www.autoescolasantfeliu.com\/permisos\/"]}]},{"@type":"ImageObject","inLanguage":"es","@id":"https:\/\/www.autoescolasantfeliu.com\/permisos\/#primaryimage","url":"https:\/\/www.autoescolasantfeliu.com\/wp-content\/uploads\/2018\/11\/Permisos-H-.jpg","contentUrl":"https:\/\/www.autoescolasantfeliu.com\/wp-content\/uploads\/2018\/11\/Permisos-H-.jpg","width":1400,"height":400,"caption":"Permisos | Autoescola Sant Feliu"},{"@type":"BreadcrumbList","@id":"https:\/\/www.autoescolasantfeliu.com\/permisos\/#breadcrumb","itemListElement":[{"@type":"ListItem","position":1,"name":"Portada","item":"https:\/\/www.autoescolasantfeliu.com\/"},{"@type":"ListItem","position":2,"name":"Permisos"}]},{"@type":"WebSite","@id":"https:\/\/www.autoescolasantfeliu.com\/#website","url":"https:\/\/www.autoescolasantfeliu.com\/","name":"Autoescola Sant Feliu","description":"Autoescola Sant Feliu","publisher":{"@id":"https:\/\/www.autoescolasantfeliu.com\/#organization"},"potentialAction":[{"@type":"SearchAction","target":{"@type":"EntryPoint","urlTemplate":"https:\/\/www.autoescolasantfeliu.com\/?s={search_term_string}"},"query-input":{"@type":"PropertyValueSpecification","valueRequired":true,"valueName":"search_term_string"}}],"inLanguage":"es"},{"@type":"Organization","@id":"https:\/\/www.autoescolasantfeliu.com\/#organization","name":"Autoescola Sant Feliu","url":"https:\/\/www.autoescolasantfeliu.com\/","logo":{"@type":"ImageObject","inLanguage":"es","@id":"https:\/\/www.autoescolasantfeliu.com\/#\/schema\/logo\/image\/","url":"https:\/\/www.autoescolasantfeliu.com\/wp-content\/uploads\/2018\/11\/Autoescola-Sant-Feliu-Logo.png","contentUrl":"https:\/\/www.autoescolasantfeliu.com\/wp-content\/uploads\/2018\/11\/Autoescola-Sant-Feliu-Logo.png","width":450,"height":65,"caption":"Autoescola Sant Feliu"},"image":{"@id":"https:\/\/www.autoescolasantfeliu.com\/#\/schema\/logo\/image\/"},"sameAs":["https:\/\/www.facebook.com\/autoescolastfeliu\/?ref=br_rs","https:\/\/www.instagram.com\/autoescolasantfeliuaesf\/"]}]}},"_links":{"self":[{"href":"https:\/\/www.autoescolasantfeliu.com\/es\/wp-json\/wp\/v2\/pages\/13","targetHints":{"allow":["GET"]}}],"collection":[{"href":"https:\/\/www.autoescolasantfeliu.com\/es\/wp-json\/wp\/v2\/pages"}],"about":[{"href":"https:\/\/www.autoescolasantfeliu.com\/es\/wp-json\/wp\/v2\/types\/page"}],"author":[{"embeddable":true,"href":"https:\/\/www.autoescolasantfeliu.com\/es\/wp-json\/wp\/v2\/users\/1"}],"replies":[{"embeddable":true,"href":"https:\/\/www.autoescolasantfeliu.com\/es\/wp-json\/wp\/v2\/comments?post=13"}],"version-history":[{"count":3,"href":"https:\/\/www.autoescolasantfeliu.com\/es\/wp-json\/wp\/v2\/pages\/13\/revisions"}],"predecessor-version":[{"id":2132,"href":"https:\/\/www.autoescolasantfeliu.com\/es\/wp-json\/wp\/v2\/pages\/13\/revisions\/2132"}],"wp:featuredmedia":[{"embeddable":true,"href":"https:\/\/www.autoescolasantfeliu.com\/es\/wp-json\/wp\/v2\/media\/903"}],"wp:attachment":[{"href":"https:\/\/www.autoescolasantfeliu.com\/es\/wp-json\/wp\/v2\/media?parent=13"}],"curies":[{"name":"wp","href":"https:\/\/api.w.org\/{rel}","templated":true}]}}